{"id":445,"date":"2022-03-02T10:19:21","date_gmt":"2022-03-02T10:19:21","guid":{"rendered":"https:\/\/demo.creativethemes.com\/blocksy\/home-decor\/?page_id=12"},"modified":"2024-01-23T17:04:48","modified_gmt":"2024-01-23T22:04:48","slug":"quienes-somos","status":"publish","type":"page","link":"https:\/\/tejidomadretierra.com\/index.php\/quienes-somos\/","title":{"rendered":"QUIENES SOMOS"},"content":{"rendered":"\n<div class=\"wp-block-stackable-heading alignfull stk-block-heading stk-block-heading--v2 stk-block stk-2d08bbf\" id=\"font-style-vertical-align-inherit-font-style-vertical-align-inherit-sobre-nosotros-font-font\" data-block-id=\"2d08bbf\"><style>.stk-2d08bbf .stk-block-heading__text{font-size:80px !important}@media screen and (max-width:999px){.stk-2d08bbf .stk-block-heading__text{font-size:45px !important}}@media screen and (max-width:689px){.stk-2d08bbf .stk-block-heading__text{font-size:35px !important}}<\/style><h2 class=\"stk-block-heading__text has-text-align-center\"><font style=\"vertical-align: inherit;\"><font style=\"vertical-align: inherit;\">Sobre nosotros<\/font><\/font><\/h2><\/div>\n\n\n\n<div class=\"wp-block-stackable-columns stk-block-columns stk-block stk-a25dc6b\" data-block-id=\"a25dc6b\"><style>.stk-a25dc6b{margin-bottom:0px !important}.stk-a25dc6b-column{--stk-column-gap:100px !important;row-gap:50px !important}<\/style><div class=\"stk-row stk-inner-blocks stk-block-content stk-content-align stk-a25dc6b-column\">\n<div class=\"wp-block-stackable-column stk-block-column stk-column stk-block stk-637db20\" data-block-id=\"637db20\"><style>.stk-637db20-container{margin-top:0px !important;margin-right:0px !important;margin-bottom:0px !important;margin-left:0px !important}@media screen and (min-width:690px){.stk-637db20{flex:1 1 calc(53% - var(--stk-column-gap,0px) * 1 \/ 2 ) !important}}@media screen and (min-width:690px) and (max-width:999px){.stk-637db20{flex:0 1 calc(100% - var(--stk-column-gap,0px) * 0 \/ 1 ) !important}}<\/style><div class=\"stk-column-wrapper stk-block-column__content stk-container stk-637db20-container stk--no-background stk--no-padding\"><div class=\"stk-block-content stk-inner-blocks stk-637db20-inner-blocks\">\n<div class=\"wp-block-stackable-image stk-block-image stk-block stk-f0f863f\" data-block-id=\"f0f863f\"><style>@media screen and (max-width:999px){.stk-f0f863f .stk-img-wrapper{height:600px !important}.stk-f0f863f .stk-img-wrapper img{object-position:49% 1% !important}}@media screen and (max-width:689px){.stk-f0f863f .stk-img-wrapper{height:500px !important}}<\/style><figure><span class=\"stk-img-wrapper stk-image--shape-stretch\"><img loading=\"lazy\" decoding=\"async\" class=\"stk-img wp-image-2522\" src=\"http:\/\/tejidomadretierra.com\/wp-content\/uploads\/2024\/01\/foto-artesana-latina-ia.jpg\" width=\"1024\" height=\"1024\" srcset=\"https:\/\/tejidomadretierra.com\/wp-content\/uploads\/2024\/01\/foto-artesana-latina-ia.jpg 1024w, https:\/\/tejidomadretierra.com\/wp-content\/uploads\/2024\/01\/foto-artesana-latina-ia-300x300.jpg 300w, https:\/\/tejidomadretierra.com\/wp-content\/uploads\/2024\/01\/foto-artesana-latina-ia-150x150.jpg 150w, https:\/\/tejidomadretierra.com\/wp-content\/uploads\/2024\/01\/foto-artesana-latina-ia-768x768.jpg 768w, https:\/\/tejidomadretierra.com\/wp-content\/uploads\/2024\/01\/foto-artesana-latina-ia-600x600.jpg 600w, https:\/\/tejidomadretierra.com\/wp-content\/uploads\/2024\/01\/foto-artesana-latina-ia-100x100.jpg 100w\" sizes=\"(max-width: 1024px) 100vw, 1024px\" \/><\/span><\/figure><\/div>\n<\/div><\/div><\/div>\n\n\n\n<div class=\"wp-block-stackable-column stk-block-column stk-column stk-block stk-2039561\" data-block-id=\"2039561\"><style>.stk-2039561-container{margin-top:0px !important;margin-right:0px !important;margin-bottom:0px !important;margin-left:0px !important}.stk-2039561{align-self:center !important}@media screen and (min-width:690px){.stk-2039561{flex:1 1 calc(47% - var(--stk-column-gap,0px) * 1 \/ 2 ) !important}}@media screen and (min-width:690px) and (max-width:999px){.stk-2039561{flex:0 1 calc(100% - var(--stk-column-gap,0px) * 0 \/ 1 ) !important}}<\/style><div class=\"stk-column-wrapper stk-block-column__content stk-container stk-2039561-container stk--no-background stk--no-padding\"><div class=\"stk-block-content stk-inner-blocks stk-2039561-inner-blocks\">\n<p>TejidoMadreTierra es una empresa artesanal dedica a la creaci\u00f3n de bisuter\u00eda y art\u00edculos para uso personal o para embellecer los espacios, donde cada pieza es una manifestaci\u00f3n \u00fanica de habilidad artesanal y amor por la madre tierra. Inspirados por la belleza de la naturaleza, nuestros artesanos fusionan t\u00e9cnicas tradicionales con un enfoque moderno para producir joyas y productos que son excepcionales y adem\u00e1s sostenibles.<\/p>\n\n\n\n<p>En TejidoMadreTierra, valoramos la autenticidad y la conexi\u00f3n con la naturaleza. Utilizamos materiales cuidadosamente seleccionados, como semillas aut\u00f3ctonas, piedras preciosas y metales reciclados, para garantizar la calidad y la sostenibilidad en cada creaci\u00f3n. Cada producto cuenta una historia \u00fanica, reflejando la riqueza cultural y la diversidad de nuestro planeta.<\/p>\n\n\n\n<p>Nuestro compromiso con la artesan\u00eda se traduce en cada detalle meticulosamente tejido a mano. Cada pieza es el resultado de horas de dedicaci\u00f3n, creatividad y destreza, dando como resultado productos que no solo son est\u00e9ticamente impresionantes, sino tambi\u00e9n portadoras de un valor sentimental y ecol\u00f3gico<\/p>\n<\/div><\/div><\/div>\n<\/div><\/div>\n\n\n\n<div class=\"wp-block-stackable-spacer stk-block-spacer stk--no-padding stk-block stk-8bae419\" data-block-id=\"8bae419\"><style>.stk-8bae419{height:120px !important}@media screen and (max-width:999px){.stk-8bae419{height:80px !important}}<\/style><\/div>\n\n\n\n<div class=\"wp-block-stackable-columns stk-block-columns stk-block stk-cb2da1f\" data-block-id=\"cb2da1f\"><style>.stk-cb2da1f{margin-bottom:0px !important}.stk-cb2da1f-column{--stk-column-gap:100px !important;row-gap:50px !important}<\/style><div class=\"stk-row stk-inner-blocks stk-block-content stk-content-align stk-cb2da1f-column\">\n<div class=\"wp-block-stackable-column stk-block-column stk-column stk-block stk-648f5fd\" data-block-id=\"648f5fd\"><style>.stk-648f5fd-container{margin-top:0px !important;margin-right:0px !important;margin-bottom:0px !important;margin-left:0px !important}.stk-648f5fd{align-self:center !important}@media screen and (min-width:690px) and (max-width:999px){.stk-648f5fd{flex:0 1 calc(100% - var(--stk-column-gap,0px) * 0 \/ 1 ) !important}}<\/style><div class=\"stk-column-wrapper stk-block-column__content stk-container stk-648f5fd-container stk--no-background stk--no-padding\"><div class=\"stk-block-content stk-inner-blocks stk-648f5fd-inner-blocks\">\n<p>En TejidoMadreTierra, no solo creamos accesorios, sino que tambi\u00e9n fomentamos pr\u00e1cticas comerciales \u00e9ticas y sostenibles. Valoramos la equidad en la cadena de suministro y trabajamos en estrecha colaboraci\u00f3n con comunidades locales para apoyar el desarrollo econ\u00f3mico y preservar las tradiciones artesanales.<\/p>\n\n\n\n<p><\/p>\n\n\n\n<p>Al elegir TejidoMadreTierra, est\u00e1s adquiriendo m\u00e1s que un art\u00edculo; est\u00e1s invirtiendo en la preservaci\u00f3n del arte tradicional, el respeto por el medio ambiente y el apoyo a comunidades locales. \u00danete a nosotros en nuestro viaje para realizar entre todos un tejido de la madre tierra que nos conecte en cada paso, portando nuestros productos o haciendolos parte del hogar o el trabajo, celebrando la belleza \u00fanica de nuestro planeta.<\/p>\n<\/div><\/div><\/div>\n\n\n\n<div class=\"wp-block-stackable-column stk-block-column stk-column stk-block stk-5834af5\" data-block-id=\"5834af5\"><style>.stk-5834af5-container{margin-top:0px !important;margin-right:0px !important;margin-bottom:0px !important;margin-left:0px !important}@media screen and (min-width:690px) and (max-width:999px){.stk-5834af5{flex:0 1 calc(100% - var(--stk-column-gap,0px) * 0 \/ 1 ) !important}}<\/style><div class=\"stk-column-wrapper stk-block-column__content stk-container stk-5834af5-container stk--no-background stk--no-padding\"><div class=\"stk-block-content stk-inner-blocks stk-5834af5-inner-blocks\">\n<div class=\"wp-block-stackable-image stk-block-image stk-block stk-c501482\" data-block-id=\"c501482\"><style>@media screen and (max-width:999px){.stk-c501482 .stk-img-wrapper{height:600px !important}.stk-c501482 .stk-img-wrapper img{object-position:46% 21% !important}}@media screen and (max-width:689px){.stk-c501482 .stk-img-wrapper{height:500px !important}.stk-c501482 .stk-img-wrapper img{object-position:83% 54% !important}}<\/style><figure><span class=\"stk-img-wrapper stk-image--shape-stretch\"><img loading=\"lazy\" decoding=\"async\" class=\"stk-img wp-image-2521\" src=\"http:\/\/tejidomadretierra.com\/wp-content\/uploads\/2024\/01\/foto-artesana-latina2-ia.jpg\" width=\"1024\" height=\"1024\" srcset=\"https:\/\/tejidomadretierra.com\/wp-content\/uploads\/2024\/01\/foto-artesana-latina2-ia.jpg 1024w, https:\/\/tejidomadretierra.com\/wp-content\/uploads\/2024\/01\/foto-artesana-latina2-ia-300x300.jpg 300w, https:\/\/tejidomadretierra.com\/wp-content\/uploads\/2024\/01\/foto-artesana-latina2-ia-150x150.jpg 150w, https:\/\/tejidomadretierra.com\/wp-content\/uploads\/2024\/01\/foto-artesana-latina2-ia-768x768.jpg 768w, https:\/\/tejidomadretierra.com\/wp-content\/uploads\/2024\/01\/foto-artesana-latina2-ia-600x600.jpg 600w, https:\/\/tejidomadretierra.com\/wp-content\/uploads\/2024\/01\/foto-artesana-latina2-ia-100x100.jpg 100w\" sizes=\"(max-width: 1024px) 100vw, 1024px\" \/><\/span><\/figure><\/div>\n<\/div><\/div><\/div>\n<\/div><\/div>\n\n\n\n<div class=\"wp-block-stackable-spacer stk-block-spacer stk--no-padding stk-block stk-5fd6ea2\" data-block-id=\"5fd6ea2\"><style>.stk-5fd6ea2{height:120px !important}@media screen and (max-width:999px){.stk-5fd6ea2{height:80px !important}}<\/style><\/div>\n","protected":false},"excerpt":{"rendered":"<p>Sobre nosotros TejidoMadreTierra es una empresa artesanal dedica a la creaci\u00f3n de bisuter\u00eda y art\u00edculos para uso personal o para embellecer los espacios, donde cada pieza es una manifestaci\u00f3n \u00fanica de habilidad artesanal y amor por la madre tierra. Inspirados por la belleza de la naturaleza, nuestros artesanos fusionan t\u00e9cnicas tradicionales con un enfoque moderno [&hellip;]<\/p>\n","protected":false},"author":1,"featured_media":0,"parent":0,"menu_order":0,"comment_status":"closed","ping_status":"closed","template":"","meta":{"footnotes":""},"blocksy_meta":{"styles_descriptor":{"styles":{"desktop":"","tablet":"","mobile":""},"google_fonts":[],"version":6},"page_title_panel":"","has_hero_section":"disabled","4a6c26e3489cfc452f0c7089ef3cf078":"","hero_section":"type-1","hero_elements":[{"id":"custom_title","enabled":true,"heading_tag":"h1","title":"Home"},{"id":"custom_description","enabled":true,"description_visibility":{"desktop":true,"tablet":true,"mobile":false}},{"id":"custom_meta","enabled":false,"meta_elements":[{"id":"author","enabled":true,"label":"By","has_author_avatar":"yes","avatar_size":25},{"id":"post_date","enabled":true,"label":"On","date_format_source":"default","date_format":"M j, Y"},{"id":"updated_date","enabled":false,"label":"On","date_format_source":"default","date_format":"M j, Y"},{"id":"categories","enabled":false,"label":"In","style":"simple"},{"id":"comments","enabled":true}],"page_meta_elements":{"joined":true,"articles_count":true,"comments":true}},{"id":"breadcrumbs","enabled":false}],"fe562f922a7890432068950dda17c488":"","hero_alignment1":"CT_CSS_SKIP_RULE","hero_margin":40,"hero_alignment2":"center","hero_vertical_alignment":"center","21ff91474bdbf7e3262b971e98d91af2":"","hero_structure":"narrow","efbca305c45ecabd3d17e2c3bd7c910d":"","page_title_bg_type":"featured_image","custom_hero_background":{"attachment_id":null},"page_title_image_size":"full","parallax":{"desktop":false,"tablet":false,"mobile":false},"5ba28e80c5f05ca70537edad0eefaf73":"","hero_height":"250px","pageTitleFont":{"family":"Default","variation":"Default","size":"30px","line-height":"CT_CSS_SKIP_RULE","letter-spacing":"CT_CSS_SKIP_RULE","text-transform":"CT_CSS_SKIP_RULE","text-decoration":"CT_CSS_SKIP_RULE"},"pageTitleFontColor":{"default":{"color":"CT_CSS_SKIP_RULEDEFAULT"}},"pageMetaFont":{"family":"Default","variation":"n6","size":"12px","line-height":"1.3","letter-spacing":"CT_CSS_SKIP_RULE","text-transform":"uppercase","text-decoration":"CT_CSS_SKIP_RULE"},"pageMetaFontColor":{"default":{"color":"CT_CSS_SKIP_RULEDEFAULT"},"hover":{"color":"CT_CSS_SKIP_RULEDEFAULT"}},"page_meta_button_type_font_colors":{"default":{"color":"CT_CSS_SKIP_RULEDEFAULT"},"hover":{"color":"CT_CSS_SKIP_RULEDEFAULT"}},"page_meta_button_type_background_colors":{"default":{"color":"CT_CSS_SKIP_RULEDEFAULT"},"hover":{"color":"CT_CSS_SKIP_RULEDEFAULT"}},"pageExcerptFont":{"family":"Default","variation":"Default","size":"CT_CSS_SKIP_RULE","line-height":"CT_CSS_SKIP_RULE","letter-spacing":"CT_CSS_SKIP_RULE","text-transform":"CT_CSS_SKIP_RULE","text-decoration":"CT_CSS_SKIP_RULE"},"pageExcerptColor":{"default":{"color":"CT_CSS_SKIP_RULEDEFAULT"}},"breadcrumbsFont":{"family":"Default","variation":"Default","size":"CT_CSS_SKIP_RULE","line-height":"CT_CSS_SKIP_RULE","letter-spacing":"CT_CSS_SKIP_RULE","text-transform":"CT_CSS_SKIP_RULE","text-decoration":"CT_CSS_SKIP_RULE"},"breadcrumbsFontColor":{"default":{"color":"CT_CSS_SKIP_RULEDEFAULT"},"initial":{"color":"CT_CSS_SKIP_RULEDEFAULT"},"hover":{"color":"CT_CSS_SKIP_RULEDEFAULT"}},"pageTitleOverlay":{"background_type":"color","background_pattern":"type-1","background_image":{"attachment_id":null,"x":0,"y":0},"gradient":"linear-gradient(135deg,rgba(6,147,227,1) 0%,rgb(155,81,224) 100%)","background_repeat":"repeat","background_size":"auto","background_attachment":"scroll","patternColor":{"default":{"color":"#e5e7ea"}},"overlayColor":{"default":{"color":"CT_CSS_SKIP_RULE"}},"backgroundColor":{"default":{"color":"CT_CSS_SKIP_RULE"}}},"pageTitleBackground":{"background_type":"color","background_pattern":"type-1","background_image":{"attachment_id":null,"x":0,"y":0},"gradient":"linear-gradient(135deg,rgba(6,147,227,1) 0%,rgb(155,81,224) 100%)","background_repeat":"repeat","background_size":"auto","background_attachment":"scroll","patternColor":{"default":{"color":"#e5e7ea"}},"overlayColor":{"default":{"color":"CT_CSS_SKIP_RULE"}},"backgroundColor":{"default":{"color":"var(--theme-palette-color-6)"}}},"pageTitlePadding":{"top":"50px","bottom":"50px","left":"auto","right":"auto","linked":true},"a271f1d3e5a6bce1f48f7d72e3fe62cd":"","page_structure_type":"default","ac8f391930b733f81c8c2034fe54f4c4":"","content_style_source":"inherit","content_style":"wide","vertical_spacing_source":"custom","content_area_spacing":"none","background":{"background_type":"color","background_pattern":"type-1","background_image":{"attachment_id":null,"x":0,"y":0},"gradient":"linear-gradient(135deg,rgba(6,147,227,1) 0%,rgb(155,81,224) 100%)","background_repeat":"repeat","background_size":"auto","background_attachment":"scroll","patternColor":{"default":{"color":"#e5e7ea"}},"overlayColor":{"default":{"color":"CT_CSS_SKIP_RULE"}},"backgroundColor":{"default":{"color":"CT_CSS_SKIP_RULE"}}},"content_background":{"background_type":"color","background_pattern":"type-1","background_image":{"attachment_id":null,"x":0,"y":0},"gradient":"linear-gradient(135deg,rgba(6,147,227,1) 0%,rgb(155,81,224) 100%)","background_repeat":"repeat","background_size":"auto","background_attachment":"scroll","patternColor":{"default":{"color":"#e5e7ea"}},"overlayColor":{"default":{"color":"CT_CSS_SKIP_RULE"}},"backgroundColor":{"default":{"color":"var(--theme-palette-color-8)"}}},"content_boxed_shadow":{"inherit":false,"blur":18,"spread":-6,"v_offset":12,"h_offset":0,"inset":false,"enable":true,"color":{"color":"rgba(34, 56, 101, 0.04)"}},"boxed_content_spacing":{"desktop":{"top":"40px","bottom":"40px","left":"40px","right":"40px","linked":true},"tablet":{"top":"35px","bottom":"35px","left":"35px","right":"35px","linked":true},"mobile":{"top":"20px","bottom":"20px","left":"20px","right":"20px","linked":true}},"content_boxed_radius":{"top":"3px","bottom":"3px","left":"3px","right":"3px","linked":true},"a38c1b35b8d2e65b9d89492d033c438a":"","disable_featured_image":"no","disable_share_box":"no","disable_header":"no","disable_footer":"no"},"aioseo_notices":[],"_links":{"self":[{"href":"https:\/\/tejidomadretierra.com\/index.php\/wp-json\/wp\/v2\/pages\/445"}],"collection":[{"href":"https:\/\/tejidomadretierra.com\/index.php\/wp-json\/wp\/v2\/pages"}],"about":[{"href":"https:\/\/tejidomadretierra.com\/index.php\/wp-json\/wp\/v2\/types\/page"}],"author":[{"embeddable":true,"href":"https:\/\/tejidomadretierra.com\/index.php\/wp-json\/wp\/v2\/users\/1"}],"replies":[{"embeddable":true,"href":"https:\/\/tejidomadretierra.com\/index.php\/wp-json\/wp\/v2\/comments?post=445"}],"version-history":[{"count":8,"href":"https:\/\/tejidomadretierra.com\/index.php\/wp-json\/wp\/v2\/pages\/445\/revisions"}],"predecessor-version":[{"id":2532,"href":"https:\/\/tejidomadretierra.com\/index.php\/wp-json\/wp\/v2\/pages\/445\/revisions\/2532"}],"wp:attachment":[{"href":"https:\/\/tejidomadretierra.com\/index.php\/wp-json\/wp\/v2\/media?parent=445"}],"curies":[{"name":"wp","href":"https:\/\/api.w.org\/{rel}","templated":true}]}}